{"id":564,"date":"2021-11-20T21:17:52","date_gmt":"2021-11-20T21:17:52","guid":{"rendered":"https:\/\/www.ifoedit.com\/wp_ps\/?page_id=564"},"modified":"2021-11-20T21:26:44","modified_gmt":"2021-11-20T21:26:44","slug":"download","status":"publish","type":"page","link":"https:\/\/www.ifoedit.com\/wp_ps\/index.php\/download\/","title":{"rendered":"Download"},"content":{"rendered":"<p>PowerSwitch ist frei im Play Store verf\u00fcgbar<\/p><figure class=\"wp-block-image is-resized\"><a href=\"https:\/\/play.google.com\/store\/apps\/details?id=eu.power_switch&amp;utm_source=global_co&amp;utm_medium=prtnr&amp;utm_content=Mar2515&amp;utm_campaign=PartBadge&amp;pcampaignid=MKT-AC-global-none-all-co-pr-py-PartBadges-Oct1515-1\"><img decoding=\"async\" src=\"https:\/\/ifoedit.com\/PowerSwitch\/download\/Download%20%E2%80%93%20PowerSwitch_files\/de-play-badge.png\" alt=\"Get it on Google Play\" width=\"254\" height=\"83\"\/><\/a><\/figure><p>Wenn du bei der Weiterentwicklung der App mithelfen und die Beta Version von PowerSwitch nutzen m\u00f6chtest folge den Anweisungen in der Beschreibung unserer&nbsp;<a href=\"http:\/\/plus.google.com\/communities\/101925642491277812164\">G+ Community<\/a>!<\/p><p><a href=\"https:\/\/play.google.com\/apps\/testing\/eu.power_switch\">Der Play Store Beta beitreten<\/a><\/p><p><\/p><h2 class=\"wp-block-heading\">APK herunterladen<\/h2><p>Solltest du keinen Zugang zum Play Store haben kannst du auch die APKs f\u00fcr bestimmte Versionen direkt herunterladen. F\u00fcr \u00e4ltere Versionen (vor 1.0) findest du die Links dazu auf dieser Seite bei der jeweiligen Versionsnummer (weiter unten), f\u00fcr alle sp\u00e4teren Versionen inklusive Betas auf\u00a0<a href=\"https:\/\/github.com\/Power-Switch\/PowerSwitch_Android\/releases\">GitHub Releases<\/a>.<\/p><p><\/p>","protected":false},"excerpt":{"rendered":"<p>PowerSwitch ist frei im Play Store verf\u00fcgbar Wenn du bei der Weiterentwicklung der App mithelfen und die Beta Version von PowerSwitch nutzen m\u00f6chtest folge den Anweisungen in der Beschreibung unserer&nbsp;G+ Community! Der Play Store Beta beitreten APK herunterladen Solltest du<\/p>\n","protected":false},"author":1,"featured_media":0,"parent":0,"menu_order":0,"comment_status":"closed","ping_status":"closed","template":"","meta":{"footnotes":""},"class_list":["post-564","page","type-page","status-publish","hentry"],"_links":{"self":[{"href":"https:\/\/www.ifoedit.com\/wp_ps\/index.php\/wp-json\/wp\/v2\/pages\/564","targetHints":{"allow":["GET"]}}],"collection":[{"href":"https:\/\/www.ifoedit.com\/wp_ps\/index.php\/wp-json\/wp\/v2\/pages"}],"about":[{"href":"https:\/\/www.ifoedit.com\/wp_ps\/index.php\/wp-json\/wp\/v2\/types\/page"}],"author":[{"embeddable":true,"href":"https:\/\/www.ifoedit.com\/wp_ps\/index.php\/wp-json\/wp\/v2\/users\/1"}],"replies":[{"embeddable":true,"href":"https:\/\/www.ifoedit.com\/wp_ps\/index.php\/wp-json\/wp\/v2\/comments?post=564"}],"version-history":[{"count":3,"href":"https:\/\/www.ifoedit.com\/wp_ps\/index.php\/wp-json\/wp\/v2\/pages\/564\/revisions"}],"predecessor-version":[{"id":570,"href":"https:\/\/www.ifoedit.com\/wp_ps\/index.php\/wp-json\/wp\/v2\/pages\/564\/revisions\/570"}],"wp:attachment":[{"href":"https:\/\/www.ifoedit.com\/wp_ps\/index.php\/wp-json\/wp\/v2\/media?parent=564"}],"curies":[{"name":"wp","href":"https:\/\/api.w.org\/{rel}","templated":true}]}}